{"id":1956,"date":"2017-04-10T21:22:49","date_gmt":"2017-04-10T19:22:49","guid":{"rendered":"http:\/\/www.jonathan1.net\/?page_id=1956"},"modified":"2026-03-30T12:18:30","modified_gmt":"2026-03-30T10:18:30","slug":"imprint","status":"publish","type":"page","link":"https:\/\/www.jonathan1.net\/en\/contact-us\/imprint\/","title":{"rendered":"Legal notice \/ privacy policy"},"content":{"rendered":"<p style=\"font-weight: 400;\">Katamaran Jonathan<br \/>\nTIS.A. Touristic and Investment S.A.<\/p>\n<p style=\"font-weight: 400;\">Karl Heinz Edler<br \/>\nVista del Mar Casa 3777<br \/>\nPuerto Pil\u00f3n, Col\u00f3n<br \/>\nRepublica de Panam\u00e1<\/p>\n<p style=\"font-weight: 400;\">WhatsAPP:\u00a0<a href=\"tel:+436765753675\">+43\u00a0676 5753675<\/a><\/p>\n<p style=\"font-weight: 400;\">E-Mail:\u00a0<a href=\"mailto:office@jonathan1.net\" data-linkindex=\"2\">office@jonathan1.net<\/a><\/p>\n<p>Graphics and concept: Stefan Porsche<br \/>\nProgramming: <a href=\"https:\/\/komplizinnen.at\/\">Die Komplizinnen<\/a><br \/>\nAdministration: Franz Kainz<br \/>\nResponsible for the content: Karl Heinz Edler<\/p>\n<p>The owner of the website assumes no liability for external links and their content.<\/p>\n<h3>Photos<\/h3>\n<p><span lang=\"DE\">K.H. Edler, A. Hitter, S. Knauss, A. Millermann, R. Porsche, T. Preu\u00df, U. Russ, G. Straub, E. Strohmer, istockphoto.com<\/span><\/p>\n<h2>Data protection<\/h2>\n<p>Declaration for the use of the website <a href=\"https:\/\/www.jonathan1.net\/en\/\">www.jonathan1.net<\/a><\/p>\n<p>by Karl Heinz Edler based in Panama. We take the protection of your personal data very seriously and treat your personal data confidentially and in accordance with the statutory data protection regulations and this data protection declaration.<\/p>\n<h3>Cookies<\/h3>\n<p>are small text files that are stored on the user&#8217;s device. They are used to improve the usability of this website. In addition, the data are used for statistical evaluations. Cookies remain stored on the end device and can be called up when you visit the website again. Most browsers allow their users to restrict or disable the storage of cookies. This enables the user to influence the use of cookies.<\/p>\n<p>This website uses content from third-party providers such as Google and Youtube. We have no control over the cookies set by third parties. Please inquire at the relevant websites for more information about third-party cookies.<\/p>\n<h3 class=\"e-h-03 single\">Youtube videos<\/h3>\n<p>Videos from YouTube (Google Inc., 1600 Amphitheater Parkway, Mountain View, CA 94043, USA) are integrated on this website. The videos were integrated with the extended data protection setting, which means YouTube only collects data when you click on a video and not when you visit this website. By clicking on a YouTube video, you agree to the processing of your data by YouTube. You can find YouTube&#8217;s data protection regulations at the following link: <a href=\"https:\/\/www.google.com\/intl\/en\/policies\/privacy\" target=\"_blank\" rel=\"noopener noreferrer\">https:\/\/www.google.com\/intl\/en\/policies\/privacy<\/a><\/p>\n<h3>Access data<\/h3>\n<p>The following data is collected by the web space provider or by us:<\/p>\n<ul>\n<li>IP address<\/li>\n<li>Date and Time<\/li>\n<li>URL<\/li>\n<li>Status of the query<\/li>\n<li>Browser and operating system<\/li>\n<li>Amount of data transferred<\/li>\n<\/ul>\n<p>This data is used for statistical evaluations, ensuring security and optimizing the website. The IP address is only evaluated if there is suspicion of illegal use.<\/p>\n<h3 id=\"heading_Kontakt_mit_uns\">Get in contact<\/h3>\n<p>If you contact us using the contact form or by email, your details will be saved for processing and communication.<\/p>\n<h3>Your rights<\/h3>\n<p>You have the right if information, correction, deletion, restriction, data portability, revocation and objection. If you believe that the processing of your data violates data protection law or your data protection claims have otherwise been violated, you can complain to the supervisory authority. In Austria this is the data protection authority in Austria.<\/p>\n","protected":false},"excerpt":{"rendered":"<p>Katamaran Jonathan TIS.A. Touristic and Investment S.A. Karl Heinz Edler Vista del Mar Casa 3777 Puerto Pil\u00f3n, Col\u00f3n Republica de Panam\u00e1 WhatsAPP:\u00a0+43\u00a0676 5753675 E-Mail:\u00a0office@jonathan1.net Graphics and concept: Stefan Porsche Programming: Die Komplizinnen Administration: Franz Kainz Responsible for the content: Karl Heinz Edler The owner of the website assumes no liability for external links and their [&hellip;]<\/p>\n","protected":false},"author":1,"featured_media":0,"parent":1954,"menu_order":1,"comment_status":"closed","ping_status":"closed","template":"","meta":{"footnotes":""},"class_list":["post-1956","page","type-page","status-publish","hentry"],"yoast_head":"<!-- This site is optimized with the Yoast SEO plugin v27.3 - https:\/\/yoast.com\/product\/yoast-seo-wordpress\/ -->\n<title>Legal notice \/ privacy policy - Jonathan - catamaran sailing diving berth charter Caribbean<\/title>\n<meta name=\"robots\" content=\"index, follow, max-snippet:-1, max-image-preview:large, max-video-preview:-1\" \/>\n<link rel=\"canonical\" href=\"https:\/\/www.jonathan1.net\/en\/contact-us\/imprint\/\" \/>\n<meta property=\"og:locale\" content=\"en_US\" \/>\n<meta property=\"og:type\" content=\"article\" \/>\n<meta property=\"og:title\" content=\"Legal notice \/ privacy policy - Jonathan - catamaran sailing diving berth charter Caribbean\" \/>\n<meta property=\"og:description\" content=\"Katamaran Jonathan TIS.A. Touristic and Investment S.A. Karl Heinz Edler Vista del Mar Casa 3777 Puerto Pil\u00f3n, Col\u00f3n Republica de Panam\u00e1 WhatsAPP:\u00a0+43\u00a0676 5753675 E-Mail:\u00a0office@jonathan1.net Graphics and concept: Stefan Porsche Programming: Die Komplizinnen Administration: Franz Kainz Responsible for the content: Karl Heinz Edler The owner of the website assumes no liability for external links and their [&hellip;]\" \/>\n<meta property=\"og:url\" content=\"https:\/\/www.jonathan1.net\/en\/contact-us\/imprint\/\" \/>\n<meta property=\"og:site_name\" content=\"Jonathan - catamaran sailing diving berth charter Caribbean\" \/>\n<meta property=\"article:modified_time\" content=\"2026-03-30T10:18:30+00:00\" \/>\n<meta name=\"twitter:card\" content=\"summary_large_image\" \/>\n<meta name=\"twitter:label1\" content=\"Est. reading time\" \/>\n\t<meta name=\"twitter:data1\" content=\"3 minutes\" \/>\n<script type=\"application\/ld+json\" class=\"yoast-schema-graph\">{\"@context\":\"https:\\\/\\\/schema.org\",\"@graph\":[{\"@type\":\"WebPage\",\"@id\":\"https:\\\/\\\/www.jonathan1.net\\\/en\\\/contact-us\\\/imprint\\\/\",\"url\":\"https:\\\/\\\/www.jonathan1.net\\\/en\\\/contact-us\\\/imprint\\\/\",\"name\":\"Legal notice \\\/ privacy policy - Jonathan - catamaran sailing diving berth charter Caribbean\",\"isPartOf\":{\"@id\":\"https:\\\/\\\/www.jonathan1.net\\\/#website\"},\"datePublished\":\"2017-04-10T19:22:49+00:00\",\"dateModified\":\"2026-03-30T10:18:30+00:00\",\"breadcrumb\":{\"@id\":\"https:\\\/\\\/www.jonathan1.net\\\/en\\\/contact-us\\\/imprint\\\/#breadcrumb\"},\"inLanguage\":\"en-US\",\"potentialAction\":[{\"@type\":\"ReadAction\",\"target\":[\"https:\\\/\\\/www.jonathan1.net\\\/en\\\/contact-us\\\/imprint\\\/\"]}]},{\"@type\":\"BreadcrumbList\",\"@id\":\"https:\\\/\\\/www.jonathan1.net\\\/en\\\/contact-us\\\/imprint\\\/#breadcrumb\",\"itemListElement\":[{\"@type\":\"ListItem\",\"position\":1,\"name\":\"Start page\",\"item\":\"https:\\\/\\\/www.jonathan1.net\\\/en\\\/\"},{\"@type\":\"ListItem\",\"position\":2,\"name\":\"Contact us\",\"item\":\"https:\\\/\\\/www.jonathan1.net\\\/en\\\/contact-us\\\/\"},{\"@type\":\"ListItem\",\"position\":3,\"name\":\"Legal notice \\\/ privacy policy\"}]},{\"@type\":\"WebSite\",\"@id\":\"https:\\\/\\\/www.jonathan1.net\\\/#website\",\"url\":\"https:\\\/\\\/www.jonathan1.net\\\/\",\"name\":\"Jonathan - catamaran sailing diving berth charter Caribbean\",\"description\":\"Catamaran sailing diving berth charter Caribbean\",\"potentialAction\":[{\"@type\":\"SearchAction\",\"target\":{\"@type\":\"EntryPoint\",\"urlTemplate\":\"https:\\\/\\\/www.jonathan1.net\\\/?s={search_term_string}\"},\"query-input\":{\"@type\":\"PropertyValueSpecification\",\"valueRequired\":true,\"valueName\":\"search_term_string\"}}],\"inLanguage\":\"en-US\"}]}<\/script>\n<!-- \/ Yoast SEO plugin. -->","yoast_head_json":{"title":"Legal notice \/ privacy policy - Jonathan - catamaran sailing diving berth charter Caribbean","robots":{"index":"index","follow":"follow","max-snippet":"max-snippet:-1","max-image-preview":"max-image-preview:large","max-video-preview":"max-video-preview:-1"},"canonical":"https:\/\/www.jonathan1.net\/en\/contact-us\/imprint\/","og_locale":"en_US","og_type":"article","og_title":"Legal notice \/ privacy policy - Jonathan - catamaran sailing diving berth charter Caribbean","og_description":"Katamaran Jonathan TIS.A. Touristic and Investment S.A. Karl Heinz Edler Vista del Mar Casa 3777 Puerto Pil\u00f3n, Col\u00f3n Republica de Panam\u00e1 WhatsAPP:\u00a0+43\u00a0676 5753675 E-Mail:\u00a0office@jonathan1.net Graphics and concept: Stefan Porsche Programming: Die Komplizinnen Administration: Franz Kainz Responsible for the content: Karl Heinz Edler The owner of the website assumes no liability for external links and their [&hellip;]","og_url":"https:\/\/www.jonathan1.net\/en\/contact-us\/imprint\/","og_site_name":"Jonathan - catamaran sailing diving berth charter Caribbean","article_modified_time":"2026-03-30T10:18:30+00:00","twitter_card":"summary_large_image","twitter_misc":{"Est. reading time":"3 minutes"},"schema":{"@context":"https:\/\/schema.org","@graph":[{"@type":"WebPage","@id":"https:\/\/www.jonathan1.net\/en\/contact-us\/imprint\/","url":"https:\/\/www.jonathan1.net\/en\/contact-us\/imprint\/","name":"Legal notice \/ privacy policy - Jonathan - catamaran sailing diving berth charter Caribbean","isPartOf":{"@id":"https:\/\/www.jonathan1.net\/#website"},"datePublished":"2017-04-10T19:22:49+00:00","dateModified":"2026-03-30T10:18:30+00:00","breadcrumb":{"@id":"https:\/\/www.jonathan1.net\/en\/contact-us\/imprint\/#breadcrumb"},"inLanguage":"en-US","potentialAction":[{"@type":"ReadAction","target":["https:\/\/www.jonathan1.net\/en\/contact-us\/imprint\/"]}]},{"@type":"BreadcrumbList","@id":"https:\/\/www.jonathan1.net\/en\/contact-us\/imprint\/#breadcrumb","itemListElement":[{"@type":"ListItem","position":1,"name":"Start page","item":"https:\/\/www.jonathan1.net\/en\/"},{"@type":"ListItem","position":2,"name":"Contact us","item":"https:\/\/www.jonathan1.net\/en\/contact-us\/"},{"@type":"ListItem","position":3,"name":"Legal notice \/ privacy policy"}]},{"@type":"WebSite","@id":"https:\/\/www.jonathan1.net\/#website","url":"https:\/\/www.jonathan1.net\/","name":"Jonathan - catamaran sailing diving berth charter Caribbean","description":"Catamaran sailing diving berth charter Caribbean","potentialAction":[{"@type":"SearchAction","target":{"@type":"EntryPoint","urlTemplate":"https:\/\/www.jonathan1.net\/?s={search_term_string}"},"query-input":{"@type":"PropertyValueSpecification","valueRequired":true,"valueName":"search_term_string"}}],"inLanguage":"en-US"}]}},"_links":{"self":[{"href":"https:\/\/www.jonathan1.net\/en\/wp-json\/wp\/v2\/pages\/1956","targetHints":{"allow":["GET"]}}],"collection":[{"href":"https:\/\/www.jonathan1.net\/en\/wp-json\/wp\/v2\/pages"}],"about":[{"href":"https:\/\/www.jonathan1.net\/en\/wp-json\/wp\/v2\/types\/page"}],"author":[{"embeddable":true,"href":"https:\/\/www.jonathan1.net\/en\/wp-json\/wp\/v2\/users\/1"}],"replies":[{"embeddable":true,"href":"https:\/\/www.jonathan1.net\/en\/wp-json\/wp\/v2\/comments?post=1956"}],"version-history":[{"count":14,"href":"https:\/\/www.jonathan1.net\/en\/wp-json\/wp\/v2\/pages\/1956\/revisions"}],"predecessor-version":[{"id":4156,"href":"https:\/\/www.jonathan1.net\/en\/wp-json\/wp\/v2\/pages\/1956\/revisions\/4156"}],"up":[{"embeddable":true,"href":"https:\/\/www.jonathan1.net\/en\/wp-json\/wp\/v2\/pages\/1954"}],"wp:attachment":[{"href":"https:\/\/www.jonathan1.net\/en\/wp-json\/wp\/v2\/media?parent=1956"}],"curies":[{"name":"wp","href":"https:\/\/api.w.org\/{rel}","templated":true}]}}